{"id":10347,"date":"2023-04-15T12:13:33","date_gmt":"2023-04-15T09:13:33","guid":{"rendered":"https:\/\/kampusgelisim.com.tr\/ogrenci\/member-login\/"},"modified":"2023-04-17T06:03:21","modified_gmt":"2023-04-17T03:03:21","slug":"giris-yap","status":"publish","type":"page","link":"https:\/\/kampusgelisim.com.tr\/ogrenci\/giris-yap\/","title":{"rendered":"Giri\u015f Yap"},"content":{"rendered":"<div class=\"ihc-login-form-wrap ihc-login-template-11\"><form method=\"post\" id=\"ihc_login_form\"><input type=\"hidden\" name=\"ihcaction\" value=\"login\" \/><input type=\"hidden\" name=\"ihc_login_nonce\" value=\"84e59baf9f\" \/><div class=\"impu-form-line-fr\"><i class=\"fa-ihc fa-username-ihc\"><\/i><input type=\"text\" value=\"\" id=\"iump_login_username\" name=\"log\" placeholder=\"Kullan\u0131c\u0131 Ad\u0131\"\/><\/div><div class=\"impu-form-line-fr\"><i class=\"fa-ihc fa-pass-ihc\"><\/i><input type=\"password\" value=\"\" id=\"iump_login_password\" name=\"pwd\" placeholder=\"\u015eifre\"\/><span type=\"button\" class=\"ihc-hide-pw hide-if-no-js\" data-toggle=\"0\" aria-label=\"Show password\">\r\n\t\t\t\t\t\t<span class=\"dashicons dashicons-visibility\" aria-hidden=\"true\"><\/span>\r\n\t\t\t\t\t<\/span><\/div><div class=\"impu-remember-wrapper\"><input type=\"checkbox\" value=\"forever\" name=\"rememberme\" class=\"impu-form-input-remember\" \/><span class=\"impu-form-label-remember\">Beni Hat\u0131rla<\/span> <\/div><div class=\"impu-form-links-pass\"><a href=\"https:\/\/kampusgelisim.com.tr\/ogrenci\/sifremi-unuttum\/\">\u015eifreni mi Unuttun?<\/a><\/div><div class=\"ihc-clear\"><\/div><div class=\"impu-form-line-fr impu-form-submit\"><input type=\"submit\" value=\"Giri\u015f Yap\" name=\"Submit\"  \/><\/div><div  class=\"impu-form-links\"><div class=\"impu-form-links-reg\">Hen\u00fcz bir hesab\u0131n yok mu?<a href=\"https:\/\/kampusgelisim.com.tr\/ogrenci\/kayit-ol\/\">Kay\u0131t Ol<\/a><\/div><\/div><\/form><\/div><span class='ihc-js-login-data'\r\n\t\t\t\t\t\t\t\tdata-user_field='#iump_login_username'\r\n\t\t\t\t\t\t\t\tdata-password_field='#iump_login_password'\r\n\t\t\t\t\t\t\t\tdata-error_message='Please fill out all mandatory fields' ><\/span>\n","protected":false},"excerpt":{"rendered":"","protected":false},"author":1,"featured_media":0,"parent":0,"menu_order":0,"comment_status":"closed","ping_status":"closed","template":"elementor_canvas","meta":[],"_links":{"self":[{"href":"https:\/\/kampusgelisim.com.tr\/ogrenci\/wp-json\/wp\/v2\/pages\/10347"}],"collection":[{"href":"https:\/\/kampusgelisim.com.tr\/ogrenci\/wp-json\/wp\/v2\/pages"}],"about":[{"href":"https:\/\/kampusgelisim.com.tr\/ogrenci\/wp-json\/wp\/v2\/types\/page"}],"author":[{"embeddable":true,"href":"https:\/\/kampusgelisim.com.tr\/ogrenci\/wp-json\/wp\/v2\/users\/1"}],"replies":[{"embeddable":true,"href":"https:\/\/kampusgelisim.com.tr\/ogrenci\/wp-json\/wp\/v2\/comments?post=10347"}],"version-history":[{"count":1,"href":"https:\/\/kampusgelisim.com.tr\/ogrenci\/wp-json\/wp\/v2\/pages\/10347\/revisions"}],"predecessor-version":[{"id":10358,"href":"https:\/\/kampusgelisim.com.tr\/ogrenci\/wp-json\/wp\/v2\/pages\/10347\/revisions\/10358"}],"wp:attachment":[{"href":"https:\/\/kampusgelisim.com.tr\/ogrenci\/wp-json\/wp\/v2\/media?parent=10347"}],"curies":[{"name":"wp","href":"https:\/\/api.w.org\/{rel}","templated":true}]}}