{"id":10349,"date":"2023-04-15T12:13:33","date_gmt":"2023-04-15T09:13:33","guid":{"rendered":"https:\/\/kampusgelisim.com.tr\/ogrenci\/register\/"},"modified":"2023-04-17T07:07:03","modified_gmt":"2023-04-17T04:07:03","slug":"kayit-ol","status":"publish","type":"page","link":"https:\/\/kampusgelisim.com.tr\/ogrenci\/kayit-ol\/","title":{"rendered":"Kay\u0131t Ol"},"content":{"rendered":"\t\t<div data-elementor-type=\"wp-page\" data-elementor-id=\"10349\" class=\"elementor elementor-10349\">\n\t\t\t\t\t\t\t\t\t<section class=\"elementor-section elementor-top-section elementor-element elementor-element-4465fa9 elementor-section-full_width elementor-section-stretched elementor-section-height-default elementor-section-height-default\" data-id=\"4465fa9\" data-element_type=\"section\" data-settings=\"{&quot;stretch_section&quot;:&quot;section-stretched&quot;,&quot;_ha_eqh_enable&quot;:false}\">\n\t\t\t\t\t\t<div class=\"elementor-container elementor-column-gap-default\">\n\t\t\t\t\t<div class=\"elementor-column elementor-col-100 elementor-top-column elementor-element elementor-element-bd6aaef\" data-id=\"bd6aaef\" data-element_type=\"column\">\n\t\t\t<div class=\"elementor-widget-wrap\">\n\t\t\t\t\t\t\t\t\t<\/div>\n\t\t<\/div>\n\t\t\t\t\t\t\t<\/div>\n\t\t<\/section>\n\t\t\t\t<section class=\"elementor-section elementor-top-section elementor-element elementor-element-6723abb elementor-section-boxed elementor-section-height-default elementor-section-height-default\" data-id=\"6723abb\" data-element_type=\"section\" data-settings=\"{&quot;_ha_eqh_enable&quot;:false}\">\n\t\t\t\t\t\t<div class=\"elementor-container elementor-column-gap-default\">\n\t\t\t\t\t<div class=\"elementor-column elementor-col-33 elementor-top-column elementor-element elementor-element-c69eeb8\" data-id=\"c69eeb8\" data-element_type=\"column\">\n\t\t\t<div class=\"elementor-widget-wrap\">\n\t\t\t\t\t\t\t\t\t<\/div>\n\t\t<\/div>\n\t\t\t\t<div class=\"elementor-column elementor-col-33 elementor-top-column elementor-element elementor-element-3e3c011\" data-id=\"3e3c011\" data-element_type=\"column\">\n\t\t\t<div class=\"elementor-widget-wrap elementor-element-populated\">\n\t\t\t\t\t\t\t\t<div class=\"elementor-element elementor-element-25a927f elementor-widget elementor-widget-text-editor\" data-id=\"25a927f\" data-element_type=\"widget\" data-widget_type=\"text-editor.default\">\n\t\t\t\t<div class=\"elementor-widget-container\">\n\t\t\t\t\t\t\t<p><div class=\"iump-register-form ihc-register-10\"><form name=\"createuser\" id=\"createuser\" class=\"ihc-form-create-edit\" enctype=\"multipart\/form-data\" method=\"post\" action=\"\">\r\n\r\n        <!-- loop throught fields -->\r\n        \r\n            <div class=\"iump-form-line-register iump-form-text iump-form-user_login\" id=\"ihc_reg_user_login_8689\" >\r\n                              <label class=\"iump-labels-register\">\r\n                                            <span class=\"ihc-required-sign\">*<\/span>\r\n                                        Kullan\u0131c\u0131 Ad\u0131                <\/label>\r\n                \r\n                <input type=\"text\" name=\"user_login\"  class=\"\" value=\"\" placeholder=\"\"   \/>\r\n                <!-- print the errors if its case -->\r\n                \r\n            <\/div>\r\n        \r\n            <div class=\"iump-form-line-register iump-form-text iump-form-user_email\" id=\"ihc_reg_user_email_9519\" >\r\n                              <label class=\"iump-labels-register\">\r\n                                            <span class=\"ihc-required-sign\">*<\/span>\r\n                                        E-Posta                <\/label>\r\n                \r\n                <input type=\"text\" name=\"user_email\"  class=\"\" value=\"\" placeholder=\"\"   \/>\r\n                <!-- print the errors if its case -->\r\n                \r\n            <\/div>\r\n        \r\n            <div class=\"iump-form-line-register iump-form-text iump-form-first_name\" id=\"ihc_reg_first_name_652\" >\r\n                              <label class=\"iump-labels-register\">\r\n                                            <span class=\"ihc-required-sign\">*<\/span>\r\n                                        \u0130sim                <\/label>\r\n                \r\n                <input type=\"text\" name=\"first_name\"  class=\"\" value=\"\" placeholder=\"\"   \/>\r\n                <!-- print the errors if its case -->\r\n                \r\n            <\/div>\r\n        \r\n            <div class=\"iump-form-line-register iump-form-text iump-form-last_name\" id=\"ihc_reg_last_name_3401\" >\r\n                              <label class=\"iump-labels-register\">\r\n                                            <span class=\"ihc-required-sign\">*<\/span>\r\n                                        Soyisim                <\/label>\r\n                \r\n                <input type=\"text\" name=\"last_name\"  class=\"\" value=\"\" placeholder=\"\"   \/>\r\n                <!-- print the errors if its case -->\r\n                \r\n            <\/div>\r\n        \r\n            <div class=\"iump-form-line-register iump-form-password iump-form-pass1\" id=\"ihc_reg_pass1_1577\" >\r\n                              <label class=\"iump-labels-register\">\r\n                                            <span class=\"ihc-required-sign\">*<\/span>\r\n                                        \u015eifre                <\/label>\r\n                \r\n                <input type=\"password\" name=\"pass1\"  class=\"\" value=\"\" placeholder=\"\"  data-rules=\"6,1\"\/><span type=\"button\" class=\"ihc-hide-pw hide-if-no-js\" data-toggle=\"0\" aria-label=\"Show password\">\r\n            <span class=\"dashicons dashicons-visibility\" aria-hidden=\"true\"><\/span>\r\n          <\/span><div class=\"ihc-strength-wrapper\"><ul class=\"ihc-strength\"><li class=\"point\"><\/li><li class=\"point\"><\/li><li class=\"point\"><\/li><li class=\"point\"><\/li><li class=\"point\"><\/li><\/ul><div class=\"ihc-strength-label\"><\/div><\/div>\r\n                <!-- print the errors if its case -->\r\n                \r\n            <\/div>\r\n                <!-- end of loop fields -->\r\n\r\n        \r\n        <div class=\"iump-submit-form\">\r\n            <input type=\"submit\" name=\"Submit\" value=\"Kay\u0131t Ol\" class=\"button button-primary button-large\" id=\"ihc_submit_bttn\" data-standard-label=\"Kay\u0131t Ol\" data-loading-label=\"Please wait...\"  \/>\r\n        <\/div>\r\n\r\n        \r\n                                  <input type=\"hidden\" name=\"ihcFormType\"  class=\"\" value=\"register\"  \/>                          <input type=\"hidden\" name=\"ihcaction\"  class=\"\" value=\"register\"  \/>                          <input type=\"hidden\" name=\"ihc_user_add_edit_nonce\"  class=\"\" value=\"5c71c6c74d\"  \/>                    \r\n<\/form>\r\n<\/div><\/p>\t\t\t\t\t\t<\/div>\n\t\t\t\t<\/div>\n\t\t\t\t\t<\/div>\n\t\t<\/div>\n\t\t\t\t<div class=\"elementor-column elementor-col-33 elementor-top-column elementor-element elementor-element-2feeba6\" data-id=\"2feeba6\" data-element_type=\"column\">\n\t\t\t<div class=\"elementor-widget-wrap\">\n\t\t\t\t\t\t\t\t\t<\/div>\n\t\t<\/div>\n\t\t\t\t\t\t\t<\/div>\n\t\t<\/section>\n\t\t\t\t\t\t\t<\/div>\n\t\t","protected":false},"excerpt":{"rendered":"","protected":false},"author":1,"featured_media":0,"parent":0,"menu_order":0,"comment_status":"closed","ping_status":"closed","template":"elementor_canvas","meta":[],"_links":{"self":[{"href":"https:\/\/kampusgelisim.com.tr\/ogrenci\/wp-json\/wp\/v2\/pages\/10349"}],"collection":[{"href":"https:\/\/kampusgelisim.com.tr\/ogrenci\/wp-json\/wp\/v2\/pages"}],"about":[{"href":"https:\/\/kampusgelisim.com.tr\/ogrenci\/wp-json\/wp\/v2\/types\/page"}],"author":[{"embeddable":true,"href":"https:\/\/kampusgelisim.com.tr\/ogrenci\/wp-json\/wp\/v2\/users\/1"}],"replies":[{"embeddable":true,"href":"https:\/\/kampusgelisim.com.tr\/ogrenci\/wp-json\/wp\/v2\/comments?post=10349"}],"version-history":[{"count":22,"href":"https:\/\/kampusgelisim.com.tr\/ogrenci\/wp-json\/wp\/v2\/pages\/10349\/revisions"}],"predecessor-version":[{"id":10473,"href":"https:\/\/kampusgelisim.com.tr\/ogrenci\/wp-json\/wp\/v2\/pages\/10349\/revisions\/10473"}],"wp:attachment":[{"href":"https:\/\/kampusgelisim.com.tr\/ogrenci\/wp-json\/wp\/v2\/media?parent=10349"}],"curies":[{"name":"wp","href":"https:\/\/api.w.org\/{rel}","templated":true}]}}